{"id":38,"date":"2016-08-30T14:23:31","date_gmt":"2016-08-30T12:23:31","guid":{"rendered":"http:\/\/www.runforum.nordiska.uu.se\/wp\/en\/?page_id=38"},"modified":"2016-09-01T14:51:53","modified_gmt":"2016-09-01T12:51:53","slug":"literature","status":"publish","type":"page","link":"https:\/\/www.runforum.nordiska.uu.se\/en\/srd\/literature\/","title":{"rendered":"Literature about the Scandinavian Runic-text Database"},"content":{"rendered":"<p>Elmevik, Lennart och Peterson, Lena, 1997: Samnordisk runtextdatabas: slutrapport. I: Nytt om runer 12. S. 33-34.<br \/>\n<a href=\"..\/..\/..\/?p=links&amp;link=66\" target=\"_blank\">Read the article here<\/a><\/p>\n<p>K\u00e4llstr\u00f6m, Magnus, 2005: Gamla och nya v\u00e4gar till Sveriges runinskrifter. En kritisk \u00f6versikt av k\u00e4llpublikationerna f\u00f6r svenska runtexter. I: Historisk tidskrift 2005:2. S. 300-308.<br \/>\n<a href=\"http:\/\/www.historisktidskrift.se\/fulltext\/2005-2\/2005-2_300-308.htm\" target=\"_blank\">Read the article here<\/a><\/p>\n<p>Peterson, Lena, 1994: Scandinavian Runic-text Database: a Presentation. I: The Twelfth Viking Congress. Developments Around the Baltic and North Sea in the Viking Age. Ed. by Bj\u00f6rn Ambrosiani &amp; Helen Clarke. Stockholm. (Birka studies 3.) S. 305-309.<br \/>\n<a href=\"http:\/\/urn.kb.se\/resolve?urn=urn:nbn:se:uu:diva-200553\">Download here<\/a><\/p>\n<p>Runr\u00f6n 1 1989: Projektet de vikingatida runinskrifternas kronologi. En presentation och n\u00e5gra forskningsresultat.<br \/>\n<a href=\"http:\/\/urn.kb.se\/resolve?urn=urn:nbn:se:uu:diva-157957\" target=\"_blank\">Download here<\/a><\/p>\n","protected":false},"excerpt":{"rendered":"<p>Elmevik, Lennart och Peterson, Lena, 1997: Samnordisk runtextdatabas: slutrapport. I: Nytt om runer 12. S. 33-34. Read the article here [&hellip;]<\/p>\n","protected":false},"author":1,"featured_media":0,"parent":28,"menu_order":0,"comment_status":"closed","ping_status":"closed","template":"","meta":{"_monsterinsights_skip_tracking":false,"_monsterinsights_sitenote_active":false,"_monsterinsights_sitenote_note":"","_monsterinsights_sitenote_category":0,"jetpack_post_was_ever_published":false,"footnotes":""},"class_list":["post-38","page","type-page","status-publish","hentry"],"jetpack_sharing_enabled":false,"jetpack_shortlink":"https:\/\/wp.me\/P3t7fS-C","jetpack_likes_enabled":true,"_links":{"self":[{"href":"https:\/\/www.runforum.nordiska.uu.se\/en\/wp-json\/wp\/v2\/pages\/38","targetHints":{"allow":["GET"]}}],"collection":[{"href":"https:\/\/www.runforum.nordiska.uu.se\/en\/wp-json\/wp\/v2\/pages"}],"about":[{"href":"https:\/\/www.runforum.nordiska.uu.se\/en\/wp-json\/wp\/v2\/types\/page"}],"author":[{"embeddable":true,"href":"https:\/\/www.runforum.nordiska.uu.se\/en\/wp-json\/wp\/v2\/users\/1"}],"replies":[{"embeddable":true,"href":"https:\/\/www.runforum.nordiska.uu.se\/en\/wp-json\/wp\/v2\/comments?post=38"}],"version-history":[{"count":3,"href":"https:\/\/www.runforum.nordiska.uu.se\/en\/wp-json\/wp\/v2\/pages\/38\/revisions"}],"predecessor-version":[{"id":40,"href":"https:\/\/www.runforum.nordiska.uu.se\/en\/wp-json\/wp\/v2\/pages\/38\/revisions\/40"}],"up":[{"embeddable":true,"href":"https:\/\/www.runforum.nordiska.uu.se\/en\/wp-json\/wp\/v2\/pages\/28"}],"wp:attachment":[{"href":"https:\/\/www.runforum.nordiska.uu.se\/en\/wp-json\/wp\/v2\/media?parent=38"}],"curies":[{"name":"wp","href":"https:\/\/api.w.org\/{rel}","templated":true}]}}